{"id":57787,"date":"2024-11-08T17:43:24","date_gmt":"2024-11-08T17:43:24","guid":{"rendered":"https:\/\/nursing24.co.za\/?page_id=679"},"modified":"2024-11-08T17:43:24","modified_gmt":"2024-11-08T17:43:24","slug":"nestles-future-talent-bursary-south-africa","status":"publish","type":"page","link":"https:\/\/forms24.co.za\/data\/nestles-future-talent-bursary-south-africa\/","title":{"rendered":"Nestl\u00e9s Future Talent Bursary South Africa"},"content":{"rendered":"<h2>Nestl\u00e9s Future Talent Bursary South Africa<\/h2>\n<h3>ABOUT THE COMPANY \u2013 NESTLE<\/h3>\n<p>Nestl\u00e9 was formed when a merger occured between 2 companies, namely Farine Lact\u00e9e Henri Nestl\u00e9 and the Anglo-Swiss Milk Company. Today, Nestl\u00e9 is the biggest food and beverage company across the globe, with a presence in 191 countries and over 2000 brands.<\/p><div class=\"forms-atf\" style=\"margin-top: 15px;margin-bottom: 20px;\" id=\"forms-2386712822\"><script async src=\"https:\/\/pagead2.googlesyndication.com\/pagead\/js\/adsbygoogle.js?client=ca-pub-9198760278752355\"\n     crossorigin=\"anonymous\"><\/script>\n<!-- Responsive ads atf -->\n<ins class=\"adsbygoogle\"\n     style=\"display:block\"\n     data-ad-client=\"ca-pub-9198760278752355\"\n     data-ad-slot=\"8381596201\"\n     data-ad-format=\"auto\"\n     data-full-width-responsive=\"true\"><\/ins>\n<script>\n     (adsbygoogle = window.adsbygoogle || []).push({});\n<\/script><\/div>\n<p>Nestl\u00e9 South Africa has been delivering its products to consumers for over 100 years, and are continuously adding new products to their portfolio to meet customer needs. The companies product offerings include Frozen Food; Coffee; Beverages; Dairy; Bottled Water; Food; Cereals; Baked Goods; Chocolate and Confectionery; Infant Foods and Petcare.<\/p>\n<h3>ABOUT THE BURSARY PROGRAMME \u2013 FIELDS COVERED<\/h3>\n<p>The NFT (Nestl\u00e9\u2019s Future Talent) Bursary scheme is available for children of Nestl\u00e9 employees, as well as external students based on specific eligibility criteria. The reason for the implementation of the bursary scheme is to help address the skills shortage in South Africa, as well as to ensure continuity of Nestl\u00e9\u2019s talent needs.<\/p>\n<p>Bursaries will be awarded within the following fields of study:<\/p>\n<ul>\n<li>Sales<\/li>\n<li>Marketing<\/li>\n<li>Technical and Production<\/li>\n<li>Supply Chain<\/li>\n<li>Finance and Control<\/li>\n<li>Human Resources<\/li>\n<li>Health Science and Nutrition<\/li>\n<\/ul>\n<p>&nbsp;<\/p>\n<p>Students are expected to maintain a minimum average of 65% during the year and must submit semester results when applying for bursary renewal for the next year of study. Applicants are also urged to make payment for their registration, for which they will be reimbursed when awarded the bursary scheme.<\/p>\n<h3>ELIGIBILITY REQUIREMENTS<\/h3>\n<p>Applicants must satisfy the following minimum entry criteria before applying (please note that failure to satisfy all the requirements will lead to your application not being considered):<\/p>\n<ul>\n<li>South African Citizen<\/li>\n<li>Between the ages of 17 and 25 years old<\/li>\n<li>Completed Matric<\/li>\n<li>Achieved a minimum \u201cC\u201d average (60-69%) in Matric<\/li>\n<li>Current tertiary students must have achieved and maintained a minimum average of 65% for the current year<\/li>\n<li>Registered to study full time at a recognised tertiary institution in South Africa<\/li>\n<li>*Preference will be given to students who have done Business Studies, Accounting, Mathematics and Science in Matric<\/li>\n<\/ul>\n<p>&nbsp;<\/p>\n<h3>HOW TO APPLY FOR THE BURSARY<\/h3>\n<p>Applications must be done online at:\u00a0<strong>https:\/\/www.nestlefuturetalent.co.za\/bursary<\/strong><br \/>\nSubmit clear copies of the following supporting documentation along with your application (the submission of these documents is compulsory \u2013 if any items are missing, your application be disregarded):<\/p>\n<ul>\n<li>ID document (certified copy),<\/li>\n<li>Latest academic results (if in Matric the latest school report),<\/li>\n<li>Confirmation of registration at tertiary institution,<\/li>\n<li>Full transcript of results (if student was on bursary in the previous year),<\/li>\n<li>Original quote\/ tax invoice of course costs,<\/li>\n<li>Original quote\/ tax invoice for textbooks,<\/li>\n<li>Tertiary institutions banking details (on letterhead).<\/li>\n<\/ul>\n<p>&nbsp;<\/p>\n<h3>CLOSING DATE<\/h3>\n<p>30 September Annually.<br \/>\n(Applications submitted after this date will not be accepted \u2013 please apply before the closing date to ensure your application is considered.)<\/p>\n<h3>CONTACT THE BURSARY PROVIDER<\/h3>\n<p>For any queries related to this bursary programme, please contact Nestl\u00e9 South Africa directly:<br \/>\nContact Person: Mrs Mamello Makoane<br \/>\nEmail: Mamello.Makoane@za.nestle.com<\/p><div class=\"forms-content\" id=\"forms-2728324940\"><div style=\"width: 300px; padding: 20px; margin: 0 auto; border: 1px solid #ddd; border-radius: 8px; background-color: #f9f9f9; text-align: center; font-family: Arial, sans-serif;\">\r\n    <p style=\"font-size: 16px; margin: 0 0 10px;\">Need Information or Confused about Something ? <\/p>\r\n    <a href=\"https:\/\/onlineapplications.co.za\/ask\/\" style=\"display: inline-block; padding: 10px 20px; background-color: #007BFF; color: #fff; text-decoration: none; border-radius: 4px; transition: background-color 0.3s;\">Ask a Question<\/a>\r\n<\/div>\r\n<\/div><div class=\"forms-btf\" style=\"margin-top: 15px;margin-bottom: 20px;\" id=\"forms-761252196\"><script async src=\"https:\/\/pagead2.googlesyndication.com\/pagead\/js\/adsbygoogle.js?client=ca-pub-9198760278752355\"\n     crossorigin=\"anonymous\"><\/script>\n<!-- Responsive ads btf -->\n<ins class=\"adsbygoogle\"\n     style=\"display:block\"\n     data-ad-client=\"ca-pub-9198760278752355\"\n     data-ad-slot=\"5513273173\"\n     data-ad-format=\"auto\"\n     data-full-width-responsive=\"true\"><\/ins>\n<script>\n     (adsbygoogle = window.adsbygoogle || []).push({});\n<\/script><\/div>\n<div class=\"forms-cpc\" id=\"forms-1348768095\"><hr>\n<h1>Did You Know : Top 15 Free Online Learning Platforms<\/h1>\n\n<ol>\n  <li>\n    <strong>Free Online Education Degrees : Coursera:<\/strong>\n    <p>Coursera partners with universities and organizations worldwide to offer a wide range of courses. While many courses are free, a fee is often required for certification.<\/p>\n  <\/li>\n\n  <li>\n    <strong>Free Online Education Degrees: edX:<\/strong>\n    <p>Founded by MIT and Harvard, edX offers high-quality courses from top universities and institutions around the world. Certificates are available for a fee.<\/p>\n  <\/li>\n\n  <li>\n    <strong>Free Online Education Degrees : Khan Academy:<\/strong>\n    <p>Khan Academy provides free educational content in various subjects, especially mathematics and science, using instructional videos and practice exercises.<\/p>\n  <\/li>\n\n  <li>\n    <strong>Free Online Education Degrees : Udacity:<\/strong>\n    <p>Udacity focuses on tech-related courses and nanodegree programs, offering free content as well as more in-depth paid programs.<\/p>\n  <\/li>\n\n  <li>\n    <strong>Free Online Education Degrees : MIT OpenCourseWare (OCW):<\/strong>\n    <p>MIT OCW provides a vast array of MIT's course content for free, covering a wide range of disciplines.<\/p>\n  <\/li>\n\n  <li>\n    <strong>Free Online Education Degrees : Harvard Extension School:<\/strong>\n    <p>Harvard Extension School offers a selection of free online courses. While some courses are free, others may require payment for a certificate.<\/p>\n  <\/li>\n\n  <li>\n    <strong>Free Online Education Degrees: Stanford Online:<\/strong>\n    <p>Stanford Online offers a variety of free courses in different disciplines, including computer science, engineering, and business.<\/p>\n  <\/li>\n\n  <li>\n    <strong>Best Free Online Courses : Carnegie Mellon Open Learning Initiative (OLI):<\/strong>\n    <p>OLI offers free online courses and resources designed to improve learning outcomes through research-based methodologies.<\/p>\n  <\/li>\n\n  <li>\n    <strong>Best Free Online Courses : FutureLearn:<\/strong>\n    <p>FutureLearn partners with universities and institutions to offer a diverse range of free online courses. Certificates are available for a fee.<\/p>\n  <\/li>\n\n  <li>\n    <strong>Best Free Online Courses: Alison:<\/strong>\n    <p>Alison offers a wide range of free online courses, including diploma and certificate programs, covering various subjects.<\/p>\n  <\/li>\n\n  <li>\n    <strong>Best Free Online Courses: Open Yale Courses:<\/strong>\n    <p>Yale University provides free access to a selection of introductory courses through Open Yale Courses.<\/p>\n  <\/li>\n\n  <li>\n    <strong>Best Free Online Courses : UC Berkeley Online:<\/strong>\n    <p>UC Berkeley offers free online courses on a variety of subjects, ranging from computer science to humanities.<\/p>\n  <\/li>\n\n  <li>\n    <strong>Best Free Online Courses  : Google Digital Garage:<\/strong>\n    <p>Google Digital Garage provides free courses on digital skills, including online marketing, data analysis, and more.<\/p>\n  <\/li>\n\n  <li>\n    <strong>Best Free Online Courses : Codecademy:<\/strong>\n    <p>Codecademy offers free coding courses, interactive exercises, and coding projects to help individuals learn programming languages.<\/p>\n  <\/li>\n\n  <li>\n    <strong>Best Free Online Courses : LinkedIn Learning (formerly Lynda.com):<\/strong>\n    <p>LinkedIn Learning provides a variety of video courses on professional development, technology, and creative skills. It offers a free trial period.<\/p>\n  <\/li>\n<\/ol><\/div>","protected":false},"excerpt":{"rendered":"<p>Nestl\u00e9s Future Talent Bursary South Africa ABOUT THE COMPANY \u2013 NESTLE Nestl\u00e9 was formed when a merger occured between 2 companies, namely Farine Lact\u00e9e Henri Nestl\u00e9 and the Anglo-Swiss Milk Company. Today, Nestl\u00e9 is the biggest food and beverage company across the globe, with a presence in 191 countries and over 2000 brands. Nestl\u00e9 South &#8230; <a title=\"Nestl\u00e9s Future Talent Bursary South Africa\" class=\"read-more\" href=\"https:\/\/forms24.co.za\/data\/nestles-future-talent-bursary-south-africa\/\" aria-label=\"Read more about Nestl\u00e9s Future Talent Bursary South Africa\">Read more<\/a><\/p>\n","protected":false},"author":1,"featured_media":0,"parent":0,"menu_order":0,"comment_status":"closed","ping_status":"closed","template":"","meta":{"footnotes":""},"class_list":["post-57787","page","type-page","status-publish"],"_links":{"self":[{"href":"https:\/\/forms24.co.za\/data\/wp-json\/wp\/v2\/pages\/57787","targetHints":{"allow":["GET"]}}],"collection":[{"href":"https:\/\/forms24.co.za\/data\/wp-json\/wp\/v2\/pages"}],"about":[{"href":"https:\/\/forms24.co.za\/data\/wp-json\/wp\/v2\/types\/page"}],"author":[{"embeddable":true,"href":"https:\/\/forms24.co.za\/data\/wp-json\/wp\/v2\/users\/1"}],"replies":[{"embeddable":true,"href":"https:\/\/forms24.co.za\/data\/wp-json\/wp\/v2\/comments?post=57787"}],"version-history":[{"count":0,"href":"https:\/\/forms24.co.za\/data\/wp-json\/wp\/v2\/pages\/57787\/revisions"}],"wp:attachment":[{"href":"https:\/\/forms24.co.za\/data\/wp-json\/wp\/v2\/media?parent=57787"}],"curies":[{"name":"wp","href":"https:\/\/api.w.org\/{rel}","templated":true}]}}